{"id":5395,"date":"2021-08-18T14:56:13","date_gmt":"2021-08-18T12:56:13","guid":{"rendered":"https:\/\/ashconsulting.fr\/fftda2\/?page_id=5395"},"modified":"2024-11-04T16:22:22","modified_gmt":"2024-11-04T15:22:22","slug":"cours","status":"publish","type":"page","link":"https:\/\/plateforme-fftda.fr\/?page_id=5395","title":{"rendered":"Cours"},"content":{"rendered":"\t\t<div data-elementor-type=\"wp-page\" data-elementor-id=\"5395\" class=\"elementor elementor-5395\">\n\t\t\t\t\t\t<section class=\"elementor-section elementor-top-section elementor-element elementor-element-3d82d77 elementor-section-full_width elementor-section-stretched elementor-section-height-default elementor-section-height-default\" data-id=\"3d82d77\" data-element_type=\"section\" data-settings=\"{&quot;stretch_section&quot;:&quot;section-stretched&quot;}\">\n\t\t\t\t\t\t<div class=\"elementor-container elementor-column-gap-no\">\n\t\t\t\t\t<div class=\"elementor-column elementor-col-100 elementor-top-column elementor-element elementor-element-6ae7a8c\" data-id=\"6ae7a8c\" data-element_type=\"column\" data-settings=\"{&quot;background_background&quot;:&quot;classic&quot;}\">\n\t\t\t<div class=\"elementor-widget-wrap elementor-element-populated\">\n\t\t\t\t\t\t<div class=\"elementor-element elementor-element-2c9823e elementor-widget elementor-widget-text-editor\" data-id=\"2c9823e\" data-element_type=\"widget\" data-widget_type=\"text-editor.default\">\n\t\t\t\t<div class=\"elementor-widget-container\">\n\t\t\t\t\t\t\tSENSIBILISATION, RECONNAISSANCE, ACTION\t\t\t\t\t\t<\/div>\n\t\t\t\t<\/div>\n\t\t\t\t\t<\/div>\n\t\t<\/div>\n\t\t\t\t\t<\/div>\n\t\t<\/section>\n\t\t\t\t<section class=\"elementor-section elementor-top-section elementor-element elementor-element-4edf98e elementor-section-full_width elementor-section-stretched elementor-section-height-default elementor-section-height-default\" data-id=\"4edf98e\" data-element_type=\"section\" data-settings=\"{&quot;stretch_section&quot;:&quot;section-stretched&quot;,&quot;background_background&quot;:&quot;classic&quot;}\">\n\t\t\t\t\t\t<div class=\"elementor-container elementor-column-gap-default\">\n\t\t\t\t\t<div class=\"elementor-column elementor-col-100 elementor-top-column elementor-element elementor-element-7c0e79d\" data-id=\"7c0e79d\" data-element_type=\"column\">\n\t\t\t<div class=\"elementor-widget-wrap elementor-element-populated\">\n\t\t\t\t\t\t<div class=\"elementor-element elementor-element-907b214 elementor-widget elementor-widget-heading\" data-id=\"907b214\" data-element_type=\"widget\" data-widget_type=\"heading.default\">\n\t\t\t\t<div class=\"elementor-widget-container\">\n\t\t\t<h1 class=\"elementor-heading-title elementor-size-default\">Nos Formations<\/h1>\t\t<\/div>\n\t\t\t\t<\/div>\n\t\t\t\t\t<\/div>\n\t\t<\/div>\n\t\t\t\t\t<\/div>\n\t\t<\/section>\n\t\t\t\t<section class=\"elementor-section elementor-top-section elementor-element elementor-element-072840d elementor-section-full_width elementor-section-stretched elementor-section-height-default elementor-section-height-default\" data-id=\"072840d\" data-element_type=\"section\" data-settings=\"{&quot;stretch_section&quot;:&quot;section-stretched&quot;}\">\n\t\t\t\t\t\t<div class=\"elementor-container elementor-column-gap-default\">\n\t\t\t\t\t<div class=\"elementor-column elementor-col-50 elementor-top-column elementor-element elementor-element-836daca\" data-id=\"836daca\" data-element_type=\"column\">\n\t\t\t<div class=\"elementor-widget-wrap elementor-element-populated\">\n\t\t\t\t\t\t<div class=\"elementor-element elementor-element-239710f elementor-widget elementor-widget-shortcode\" data-id=\"239710f\" data-element_type=\"widget\" data-widget_type=\"shortcode.default\">\n\t\t\t\t<div class=\"elementor-widget-container\">\n\t\t\t\t\t<div class=\"elementor-shortcode\"><div id=\"ld_course_categorydropdown\"><form method=\"get\">\n\t\t\t\t\t<label for=\"ld_course_categorydropdown_select\">Cours Cat\u00e9gories<\/label>\n\t\t\t\t\t<select id=\"ld_course_categorydropdown_select\" name=\"course_catid\" onChange=\"jQuery('#ld_course_categorydropdown form').submit()\"><option value=\"\">S\u00e9lectionner Cours Cat\u00e9gories<\/option><option value='146' >Certificat (1)<\/option><option value='147' >Formation (1)<\/option><\/select><input type='submit' style='display:none'><\/form><\/div><div id=\"ld-course-list-content-3b922aac5d4a532d1bb5275990bda026\" class=\"ld-course-list-content\" data-shortcode-atts=\"{&quot;course_categoryselector&quot;:&quot;true&quot;}\">\n\t\t\t<div class=\"ld-course-list-items row\">\n\t<!-- LearnDash Course Grid v1 --><div class=\"ld_course_grid col-sm-8 col-md-4 \">\n\t<article id=\"post-6454\" class=\" thumbnail course post-6454 sfwd-courses type-sfwd-courses status-publish has-post-thumbnail hentry ld_course_category-certificat\">\n\t\t\t\t\t\t\t\t<div class=\"ribbon\">\n\t\t\t\tFree\t\t\t<\/div>\n\t\t\t\n\t\t\t\t\t\t<a href=\"https:\/\/plateforme-fftda.fr\/?sfwd-courses=habilitation-coach-fftda-2024-2026\" rel=\"bookmark\">\n\t\t\t\t<img fetchpriority=\"high\" decoding=\"async\" width=\"300\" height=\"200\" src=\"https:\/\/plateforme-fftda.fr\/wp-content\/uploads\/2022\/09\/vignette_ethique.webp\" class=\"attachment-medium size-medium wp-post-image\" alt=\"\" srcset=\"https:\/\/plateforme-fftda.fr\/wp-content\/uploads\/2022\/09\/vignette_ethique.webp 300w, https:\/\/plateforme-fftda.fr\/wp-content\/uploads\/2022\/09\/vignette_ethique-270x180.webp 270w\" sizes=\"(max-width: 300px) 100vw, 300px\" \/>\t\t\t<\/a>\n\t\t\t\t\t\n\t\t\t\t\t<div class=\"caption\">\n\t\t\t\t<h3 class=\"entry-title\">Habilitation Coach FFTDA 2024-2026<\/h3>\n\t\t\t\t\t\t\t\t<div class=\"entry-content\"><p>\u00c9thique<\/p>\n<\/div>\n\t\t\t\t\t\t\t\t<div class=\"ld_course_grid_button\"><a class=\"btn btn-primary\" role=\"button\" href=\"https:\/\/plateforme-fftda.fr\/?sfwd-courses=habilitation-coach-fftda-2024-2026\" rel=\"bookmark\">Enroll Now<\/a><\/div>\n\t\t\t\t\t\t\t<\/div><!-- .entry-header -->\n\t\t\t<\/article><!-- #post-## -->\n<\/div><!-- .ld_course_grid -->\n<!-- LearnDash Course Grid v1 --><div class=\"ld_course_grid col-sm-8 col-md-4 \">\n\t<article id=\"post-6406\" class=\" thumbnail course post-6406 sfwd-courses type-sfwd-courses status-publish has-post-thumbnail hentry ld_course_category-formation\">\n\t\t\t\t\t\t\t\t<div class=\"ribbon free\">\n\t\t\t\tFree\t\t\t<\/div>\n\t\t\t\n\t\t\t\t\t\t<a href=\"https:\/\/plateforme-fftda.fr\/?sfwd-courses=valeurs-de-la-republique-et-laicite\" rel=\"bookmark\">\n\t\t\t\t<img decoding=\"async\" width=\"300\" height=\"200\" src=\"https:\/\/plateforme-fftda.fr\/wp-content\/uploads\/2024\/02\/vignette_citoyennete.webp\" class=\"attachment-medium size-medium wp-post-image\" alt=\"\" srcset=\"https:\/\/plateforme-fftda.fr\/wp-content\/uploads\/2024\/02\/vignette_citoyennete.webp 300w, https:\/\/plateforme-fftda.fr\/wp-content\/uploads\/2024\/02\/vignette_citoyennete-270x180.webp 270w\" sizes=\"(max-width: 300px) 100vw, 300px\" \/>\t\t\t<\/a>\n\t\t\t\t\t\n\t\t\t\t\t<div class=\"caption\">\n\t\t\t\t<h3 class=\"entry-title\">Valeurs de la R\u00e9publique et La\u00efcit\u00e9<\/h3>\n\t\t\t\t\t\t\t\t<div class=\"entry-content\"><p>Citoyennet\u00e9<\/p>\n<\/div>\n\t\t\t\t\t\t\t\t<div class=\"ld_course_grid_button\"><a class=\"btn btn-primary\" role=\"button\" href=\"https:\/\/plateforme-fftda.fr\/?sfwd-courses=valeurs-de-la-republique-et-laicite\" rel=\"bookmark\">Continue Study<\/a><\/div>\n\t\t\t\t\t\t\t<\/div><!-- .entry-header -->\n\t\t\t<\/article><!-- #post-## -->\n<\/div><!-- .ld_course_grid -->\n<!-- LearnDash Course Grid v1 --><div class=\"ld_course_grid col-sm-8 col-md-4 \">\n\t<article id=\"post-6345\" class=\" thumbnail course post-6345 sfwd-courses type-sfwd-courses status-publish has-post-thumbnail hentry ld_course_category-certificat ld_course_category-formation\">\n\t\t\t\t\t\t\t\t<div class=\"ribbon free\">\n\t\t\t\tFree\t\t\t<\/div>\n\t\t\t\n\t\t\t\t\t\t<a href=\"https:\/\/plateforme-fftda.fr\/?sfwd-courses=formation-citoyenne-shn-fftda\" rel=\"bookmark\">\n\t\t\t\t<img decoding=\"async\" width=\"300\" height=\"200\" src=\"https:\/\/plateforme-fftda.fr\/wp-content\/uploads\/2024\/02\/vignette_citoyennete.webp\" class=\"attachment-medium size-medium wp-post-image\" alt=\"\" srcset=\"https:\/\/plateforme-fftda.fr\/wp-content\/uploads\/2024\/02\/vignette_citoyennete.webp 300w, https:\/\/plateforme-fftda.fr\/wp-content\/uploads\/2024\/02\/vignette_citoyennete-270x180.webp 270w\" sizes=\"(max-width: 300px) 100vw, 300px\" \/>\t\t\t<\/a>\n\t\t\t\t\t\n\t\t\t\t\t<div class=\"caption\">\n\t\t\t\t<h3 class=\"entry-title\">Formation citoyenne SHN-FFTDA 2024-2028<\/h3>\n\t\t\t\t\t\t\t\t<div class=\"entry-content\"><p>Citoyennet\u00e9<\/p>\n<\/div>\n\t\t\t\t\t\t\t\t<div class=\"ld_course_grid_button\"><a class=\"btn btn-primary\" role=\"button\" href=\"https:\/\/plateforme-fftda.fr\/?sfwd-courses=formation-citoyenne-shn-fftda\" rel=\"bookmark\">Continue Study<\/a><\/div>\n\t\t\t\t\t\t\t<\/div><!-- .entry-header -->\n\t\t\t<\/article><!-- #post-## -->\n<\/div><!-- .ld_course_grid -->\n<!-- LearnDash Course Grid v1 --><div class=\"ld_course_grid col-sm-8 col-md-4 \">\n\t<article id=\"post-6209\" class=\" thumbnail course post-6209 sfwd-courses type-sfwd-courses status-publish has-post-thumbnail hentry ld_course_category-formation\">\n\t\t\t\t\t\t\t\t<div class=\"ribbon\">\n\t\t\t\tFree\t\t\t<\/div>\n\t\t\t\n\t\t\t\t\t\t<a href=\"https:\/\/plateforme-fftda.fr\/?sfwd-courses=la-sante-mentale-des-sportifs\" rel=\"bookmark\">\n\t\t\t\t<img decoding=\"async\" width=\"300\" height=\"200\" src=\"https:\/\/plateforme-fftda.fr\/wp-content\/uploads\/2023\/10\/vignette_sante.webp\" class=\"attachment-medium size-medium wp-post-image\" alt=\"\" srcset=\"https:\/\/plateforme-fftda.fr\/wp-content\/uploads\/2023\/10\/vignette_sante.webp 300w, https:\/\/plateforme-fftda.fr\/wp-content\/uploads\/2023\/10\/vignette_sante-270x180.webp 270w\" sizes=\"(max-width: 300px) 100vw, 300px\" \/>\t\t\t<\/a>\n\t\t\t\t\t\n\t\t\t\t\t<div class=\"caption\">\n\t\t\t\t<h3 class=\"entry-title\">La sant\u00e9 mentale des sportifs<\/h3>\n\t\t\t\t\t\t\t\t<div class=\"entry-content\"><p>Sant\u00e9<\/p>\n<\/div>\n\t\t\t\t\t\t\t\t<div class=\"ld_course_grid_button\"><a class=\"btn btn-primary\" role=\"button\" href=\"https:\/\/plateforme-fftda.fr\/?sfwd-courses=la-sante-mentale-des-sportifs\" rel=\"bookmark\">Enroll Now<\/a><\/div>\n\t\t\t\t\t\t\t<\/div><!-- .entry-header -->\n\t\t\t<\/article><!-- #post-## -->\n<\/div><!-- .ld_course_grid -->\n<!-- LearnDash Course Grid v1 --><div class=\"ld_course_grid col-sm-8 col-md-4 \">\n\t<article id=\"post-6068\" class=\" thumbnail course post-6068 sfwd-courses type-sfwd-courses status-publish has-post-thumbnail hentry ld_course_category-formation\">\n\t\t\t\t\t\t\t\t<div class=\"ribbon free\">\n\t\t\t\tFree\t\t\t<\/div>\n\t\t\t\n\t\t\t\t\t\t<a href=\"https:\/\/plateforme-fftda.fr\/?sfwd-courses=accueil-des-refugies-le-taekwondo-outil-dinclusion-sociale\" rel=\"bookmark\">\n\t\t\t\t<img fetchpriority=\"high\" decoding=\"async\" width=\"300\" height=\"200\" src=\"https:\/\/plateforme-fftda.fr\/wp-content\/uploads\/2022\/09\/vignette_ethique.webp\" class=\"attachment-medium size-medium wp-post-image\" alt=\"\" srcset=\"https:\/\/plateforme-fftda.fr\/wp-content\/uploads\/2022\/09\/vignette_ethique.webp 300w, https:\/\/plateforme-fftda.fr\/wp-content\/uploads\/2022\/09\/vignette_ethique-270x180.webp 270w\" sizes=\"(max-width: 300px) 100vw, 300px\" \/>\t\t\t<\/a>\n\t\t\t\t\t\n\t\t\t\t\t<div class=\"caption\">\n\t\t\t\t<h3 class=\"entry-title\">\u00ab Accueil des r\u00e9fugi\u00e9s \u00bb &#8211; Le taekwondo, outil d\u2019inclusion sociale<\/h3>\n\t\t\t\t\t\t\t\t<div class=\"entry-content\"><p>\u00c9thique<\/p>\n<\/div>\n\t\t\t\t\t\t\t\t<div class=\"ld_course_grid_button\"><a class=\"btn btn-primary\" role=\"button\" href=\"https:\/\/plateforme-fftda.fr\/?sfwd-courses=accueil-des-refugies-le-taekwondo-outil-dinclusion-sociale\" rel=\"bookmark\">Continue Study<\/a><\/div>\n\t\t\t\t\t\t\t<\/div><!-- .entry-header -->\n\t\t\t<\/article><!-- #post-## -->\n<\/div><!-- .ld_course_grid -->\n<!-- LearnDash Course Grid v1 --><div class=\"ld_course_grid col-sm-8 col-md-4 \">\n\t<article id=\"post-5819\" class=\" thumbnail course post-5819 sfwd-courses type-sfwd-courses status-publish has-post-thumbnail hentry ld_course_category-certificat\">\n\t\t\t\t\t\t\t\t<div class=\"ribbon\">\n\t\t\t\tFree\t\t\t<\/div>\n\t\t\t\n\t\t\t\t\t\t<a href=\"https:\/\/plateforme-fftda.fr\/?sfwd-courses=enseignants-de-taekwondo-ceinture-noire-bonne-conduite\" rel=\"bookmark\">\n\t\t\t\t<img fetchpriority=\"high\" decoding=\"async\" width=\"300\" height=\"200\" src=\"https:\/\/plateforme-fftda.fr\/wp-content\/uploads\/2022\/09\/vignette_ethique.webp\" class=\"attachment-medium size-medium wp-post-image\" alt=\"\" srcset=\"https:\/\/plateforme-fftda.fr\/wp-content\/uploads\/2022\/09\/vignette_ethique.webp 300w, https:\/\/plateforme-fftda.fr\/wp-content\/uploads\/2022\/09\/vignette_ethique-270x180.webp 270w\" sizes=\"(max-width: 300px) 100vw, 300px\" \/>\t\t\t<\/a>\n\t\t\t\t\t\n\t\t\t\t\t<div class=\"caption\">\n\t\t\t\t<h3 class=\"entry-title\">Enseignants de Taekwondo : Ceinture noire bonne conduite<\/h3>\n\t\t\t\t\t\t\t\t<div class=\"entry-content\"><p>\u00c9thique<\/p>\n<\/div>\n\t\t\t\t\t\t\t\t<div class=\"ld_course_grid_button\"><a class=\"btn btn-primary\" role=\"button\" href=\"https:\/\/plateforme-fftda.fr\/?sfwd-courses=enseignants-de-taekwondo-ceinture-noire-bonne-conduite\" rel=\"bookmark\">Enroll Now<\/a><\/div>\n\t\t\t\t\t\t\t<\/div><!-- .entry-header -->\n\t\t\t<\/article><!-- #post-## -->\n<\/div><!-- .ld_course_grid -->\n<!-- LearnDash Course Grid v1 --><div class=\"ld_course_grid col-sm-8 col-md-4 \">\n\t<article id=\"post-5512\" class=\" thumbnail course post-5512 sfwd-courses type-sfwd-courses status-publish has-post-thumbnail hentry ld_course_category-formation\">\n\t\t\t\t\t\t\t\t<div class=\"ribbon\">\n\t\t\t\tFree\t\t\t<\/div>\n\t\t\t\n\t\t\t\t\t\t<a href=\"https:\/\/plateforme-fftda.fr\/?sfwd-courses=taekwondo-sportpropre\" rel=\"bookmark\">\n\t\t\t\t<img loading=\"lazy\" decoding=\"async\" width=\"300\" height=\"200\" src=\"https:\/\/plateforme-fftda.fr\/wp-content\/uploads\/2021\/08\/vignette_dopage.webp\" class=\"attachment-medium size-medium wp-post-image\" alt=\"\" srcset=\"https:\/\/plateforme-fftda.fr\/wp-content\/uploads\/2021\/08\/vignette_dopage.webp 300w, https:\/\/plateforme-fftda.fr\/wp-content\/uploads\/2021\/08\/vignette_dopage-270x180.webp 270w\" sizes=\"(max-width: 300px) 100vw, 300px\" \/>\t\t\t<\/a>\n\t\t\t\t\t\n\t\t\t\t\t<div class=\"caption\">\n\t\t\t\t<h3 class=\"entry-title\">Taekwondo #sportpropre<\/h3>\n\t\t\t\t\t\t\t\t<div class=\"entry-content\"><p>Dopage<\/p>\n<\/div>\n\t\t\t\t\t\t\t\t<div class=\"ld_course_grid_button\"><a class=\"btn btn-primary\" role=\"button\" href=\"https:\/\/plateforme-fftda.fr\/?sfwd-courses=taekwondo-sportpropre\" rel=\"bookmark\">Enroll Now<\/a><\/div>\n\t\t\t\t\t\t\t<\/div><!-- .entry-header -->\n\t\t\t<\/article><!-- #post-## -->\n<\/div><!-- .ld_course_grid -->\n<!-- LearnDash Course Grid v1 --><div class=\"ld_course_grid col-sm-8 col-md-4 \">\n\t<article id=\"post-5279\" class=\" thumbnail course post-5279 sfwd-courses type-sfwd-courses status-publish has-post-thumbnail hentry ld_course_category-formation\">\n\t\t\t\t\t\t\t\t<div class=\"ribbon free\">\n\t\t\t\tFree\t\t\t<\/div>\n\t\t\t\n\t\t\t\t\t\t<a href=\"https:\/\/plateforme-fftda.fr\/?sfwd-courses=creer-un-environnement-virtuel-securitaire-et-inclusif\" rel=\"bookmark\">\n\t\t\t\t<img fetchpriority=\"high\" decoding=\"async\" width=\"300\" height=\"200\" src=\"https:\/\/plateforme-fftda.fr\/wp-content\/uploads\/2022\/09\/vignette_ethique.webp\" class=\"attachment-medium size-medium wp-post-image\" alt=\"\" srcset=\"https:\/\/plateforme-fftda.fr\/wp-content\/uploads\/2022\/09\/vignette_ethique.webp 300w, https:\/\/plateforme-fftda.fr\/wp-content\/uploads\/2022\/09\/vignette_ethique-270x180.webp 270w\" sizes=\"(max-width: 300px) 100vw, 300px\" \/>\t\t\t<\/a>\n\t\t\t\t\t\n\t\t\t\t\t<div class=\"caption\">\n\t\t\t\t<h3 class=\"entry-title\">Cr\u00e9er un environnement virtuel s\u00e9curitaire et inclusif<\/h3>\n\t\t\t\t\t\t\t\t<div class=\"entry-content\"><p>\u00c9thique<\/p>\n<\/div>\n\t\t\t\t\t\t\t\t<div class=\"ld_course_grid_button\"><a class=\"btn btn-primary\" role=\"button\" href=\"https:\/\/plateforme-fftda.fr\/?sfwd-courses=creer-un-environnement-virtuel-securitaire-et-inclusif\" rel=\"bookmark\">Continue Study<\/a><\/div>\n\t\t\t\t\t\t\t<\/div><!-- .entry-header -->\n\t\t\t<\/article><!-- #post-## -->\n<\/div><!-- .ld_course_grid -->\n<!-- LearnDash Course Grid v1 --><div class=\"ld_course_grid col-sm-8 col-md-4 \">\n\t<article id=\"post-5277\" class=\" thumbnail course post-5277 sfwd-courses type-sfwd-courses status-publish has-post-thumbnail hentry ld_course_category-formation\">\n\t\t\t\t\t\t\t\t<div class=\"ribbon free\">\n\t\t\t\tFree\t\t\t<\/div>\n\t\t\t\n\t\t\t\t\t\t<a href=\"https:\/\/plateforme-fftda.fr\/?sfwd-courses=les-commotions-cerebrales\" rel=\"bookmark\">\n\t\t\t\t<img decoding=\"async\" width=\"300\" height=\"200\" src=\"https:\/\/plateforme-fftda.fr\/wp-content\/uploads\/2023\/10\/vignette_sante.webp\" class=\"attachment-medium size-medium wp-post-image\" alt=\"\" srcset=\"https:\/\/plateforme-fftda.fr\/wp-content\/uploads\/2023\/10\/vignette_sante.webp 300w, https:\/\/plateforme-fftda.fr\/wp-content\/uploads\/2023\/10\/vignette_sante-270x180.webp 270w\" sizes=\"(max-width: 300px) 100vw, 300px\" \/>\t\t\t<\/a>\n\t\t\t\t\t\n\t\t\t\t\t<div class=\"caption\">\n\t\t\t\t<h3 class=\"entry-title\">Les commotions c\u00e9r\u00e9brales<\/h3>\n\t\t\t\t\t\t\t\t<div class=\"entry-content\"><p>Sant\u00e9<\/p>\n<\/div>\n\t\t\t\t\t\t\t\t<div class=\"ld_course_grid_button\"><a class=\"btn btn-primary\" role=\"button\" href=\"https:\/\/plateforme-fftda.fr\/?sfwd-courses=les-commotions-cerebrales\" rel=\"bookmark\">Continue Study<\/a><\/div>\n\t\t\t\t\t\t\t<\/div><!-- .entry-header -->\n\t\t\t<\/article><!-- #post-## -->\n<\/div><!-- .ld_course_grid -->\n<!-- LearnDash Course Grid v1 --><div class=\"ld_course_grid col-sm-8 col-md-4 \">\n\t<article id=\"post-5249\" class=\" thumbnail course post-5249 sfwd-courses type-sfwd-courses status-publish has-post-thumbnail hentry ld_course_category-certificat\">\n\t\t\t\t\t\t\t\t<div class=\"ribbon\">\n\t\t\t\tFree\t\t\t<\/div>\n\t\t\t\n\t\t\t\t\t\t<a href=\"https:\/\/plateforme-fftda.fr\/?sfwd-courses=prevention-des-violences-dans-le-sport\" rel=\"bookmark\">\n\t\t\t\t<img loading=\"lazy\" decoding=\"async\" width=\"300\" height=\"200\" src=\"https:\/\/plateforme-fftda.fr\/wp-content\/uploads\/2021\/08\/vignette_violence.webp\" class=\"attachment-medium size-medium wp-post-image\" alt=\"\" srcset=\"https:\/\/plateforme-fftda.fr\/wp-content\/uploads\/2021\/08\/vignette_violence.webp 300w, https:\/\/plateforme-fftda.fr\/wp-content\/uploads\/2021\/08\/vignette_violence-270x180.webp 270w\" sizes=\"(max-width: 300px) 100vw, 300px\" \/>\t\t\t<\/a>\n\t\t\t\t\t\n\t\t\t\t\t<div class=\"caption\">\n\t\t\t\t<h3 class=\"entry-title\">Pr\u00e9vention des violences dans le sport<\/h3>\n\t\t\t\t\t\t\t\t<div class=\"entry-content\"><p>Violence<\/p>\n<\/div>\n\t\t\t\t\t\t\t\t<div class=\"ld_course_grid_button\"><a class=\"btn btn-primary\" role=\"button\" href=\"https:\/\/plateforme-fftda.fr\/?sfwd-courses=prevention-des-violences-dans-le-sport\" rel=\"bookmark\">Enroll Now<\/a><\/div>\n\t\t\t\t\t\t\t<\/div><!-- .entry-header -->\n\t\t\t<\/article><!-- #post-## -->\n<\/div><!-- .ld_course_grid -->\n<!-- LearnDash Course Grid v1 --><div class=\"ld_course_grid col-sm-8 col-md-4 \">\n\t<article id=\"post-5065\" class=\" thumbnail course post-5065 sfwd-courses type-sfwd-courses status-publish has-post-thumbnail hentry ld_course_category-formation\">\n\t\t\t\t\t\t\t\t<div class=\"ribbon\">\n\t\t\t\tFree\t\t\t<\/div>\n\t\t\t\n\t\t\t\t\t\t<a href=\"https:\/\/plateforme-fftda.fr\/?sfwd-courses=les-violences-dans-le-sport-tousconcernes\" rel=\"bookmark\">\n\t\t\t\t<img loading=\"lazy\" decoding=\"async\" width=\"300\" height=\"200\" src=\"https:\/\/plateforme-fftda.fr\/wp-content\/uploads\/2021\/08\/vignette_violence.webp\" class=\"attachment-medium size-medium wp-post-image\" alt=\"\" srcset=\"https:\/\/plateforme-fftda.fr\/wp-content\/uploads\/2021\/08\/vignette_violence.webp 300w, https:\/\/plateforme-fftda.fr\/wp-content\/uploads\/2021\/08\/vignette_violence-270x180.webp 270w\" sizes=\"(max-width: 300px) 100vw, 300px\" \/>\t\t\t<\/a>\n\t\t\t\t\t\n\t\t\t\t\t<div class=\"caption\">\n\t\t\t\t<h3 class=\"entry-title\">Les violences dans le sport #tousconcern\u00e9s<\/h3>\n\t\t\t\t\t\t\t\t<div class=\"entry-content\"><p>Violence<\/p>\n<\/div>\n\t\t\t\t\t\t\t\t<div class=\"ld_course_grid_button\"><a class=\"btn btn-primary\" role=\"button\" href=\"https:\/\/plateforme-fftda.fr\/?sfwd-courses=les-violences-dans-le-sport-tousconcernes\" rel=\"bookmark\">Enroll Now<\/a><\/div>\n\t\t\t\t\t\t\t<\/div><!-- .entry-header -->\n\t\t\t<\/article><!-- #post-## -->\n<\/div><!-- .ld_course_grid -->\n\t<\/div>\n\t\t\t<\/div>\n\t\t<\/div>\n\t\t\t\t<\/div>\n\t\t\t\t<\/div>\n\t\t\t\t\t<\/div>\n\t\t<\/div>\n\t\t\t\t<div class=\"elementor-column elementor-col-50 elementor-top-column elementor-element elementor-element-f5e605c\" data-id=\"f5e605c\" data-element_type=\"column\" data-settings=\"{&quot;background_background&quot;:&quot;classic&quot;}\">\n\t\t\t<div class=\"elementor-widget-wrap elementor-element-populated\">\n\t\t\t\t\t<div class=\"elementor-background-overlay\"><\/div>\n\t\t\t\t\t\t<div class=\"elementor-element elementor-element-73fa356 elementor-widget elementor-widget-heading\" data-id=\"73fa356\" data-element_type=\"widget\" data-widget_type=\"heading.default\">\n\t\t\t\t<div class=\"elementor-widget-container\">\n\t\t\t<h2 class=\"elementor-heading-title elementor-size-default\">Certification en ligne<\/h2>\t\t<\/div>\n\t\t\t\t<\/div>\n\t\t\t\t<div class=\"elementor-element elementor-element-2ae3415 elementor-widget elementor-widget-text-editor\" data-id=\"2ae3415\" data-element_type=\"widget\" data-widget_type=\"text-editor.default\">\n\t\t\t\t<div class=\"elementor-widget-container\">\n\t\t\t\t\t\t\t<p>Vous \u00eates licenci\u00e9 et souhaitez obtenir votre certification ?<br \/>D\u00e9couvrez d\u00e8s maintenant toutes nos sessions !<\/p>\t\t\t\t\t\t<\/div>\n\t\t\t\t<\/div>\n\t\t\t\t<div class=\"elementor-element elementor-element-9c4d078 elementor-align-center elementor-widget elementor-widget-button\" data-id=\"9c4d078\" data-element_type=\"widget\" data-widget_type=\"button.default\">\n\t\t\t\t<div class=\"elementor-widget-container\">\n\t\t\t\t\t<div class=\"elementor-button-wrapper\">\n\t\t\t<a class=\"elementor-button elementor-button-link elementor-size-md\" href=\"https:\/\/plateforme-fftda.fr\/certifications\/\">\n\t\t\t\t\t\t<span class=\"elementor-button-content-wrapper\">\n\t\t\t\t\t\t<span class=\"elementor-button-icon\">\n\t\t\t\t<svg aria-hidden=\"true\" class=\"e-font-icon-svg e-fas-arrow-right\" viewBox=\"0 0 448 512\" xmlns=\"http:\/\/www.w3.org\/2000\/svg\"><path d=\"M190.5 66.9l22.2-22.2c9.4-9.4 24.6-9.4 33.9 0L441 239c9.4 9.4 9.4 24.6 0 33.9L246.6 467.3c-9.4 9.4-24.6 9.4-33.9 0l-22.2-22.2c-9.5-9.5-9.3-25 .4-34.3L311.4 296H24c-13.3 0-24-10.7-24-24v-32c0-13.3 10.7-24 24-24h287.4L190.9 101.2c-9.8-9.3-10-24.8-.4-34.3z\"><\/path><\/svg>\t\t\t<\/span>\n\t\t\t\t\t\t\t\t\t<span class=\"elementor-button-text\">Commencer<\/span>\n\t\t\t\t\t<\/span>\n\t\t\t\t\t<\/a>\n\t\t<\/div>\n\t\t\t\t<\/div>\n\t\t\t\t<\/div>\n\t\t\t\t\t<\/div>\n\t\t<\/div>\n\t\t\t\t\t<\/div>\n\t\t<\/section>\n\t\t\t\t<\/div>\n\t\t","protected":false},"excerpt":{"rendered":"<p>SENSIBILISATION, RECONNAISSANCE, ACTION Nos Formations Certification en ligne Vous \u00eates licenci\u00e9 et souhaitez obtenir votre certification ?D\u00e9couvrez d\u00e8s maintenant toutes nos sessions ! Commencer<\/p>\n","protected":false},"author":3,"featured_media":0,"parent":0,"menu_order":0,"comment_status":"closed","ping_status":"closed","template":"","meta":{"footnotes":""},"class_list":["post-5395","page","type-page","status-publish","hentry"],"_links":{"self":[{"href":"https:\/\/plateforme-fftda.fr\/index.php?rest_route=\/wp\/v2\/pages\/5395","targetHints":{"allow":["GET"]}}],"collection":[{"href":"https:\/\/plateforme-fftda.fr\/index.php?rest_route=\/wp\/v2\/pages"}],"about":[{"href":"https:\/\/plateforme-fftda.fr\/index.php?rest_route=\/wp\/v2\/types\/page"}],"author":[{"embeddable":true,"href":"https:\/\/plateforme-fftda.fr\/index.php?rest_route=\/wp\/v2\/users\/3"}],"replies":[{"embeddable":true,"href":"https:\/\/plateforme-fftda.fr\/index.php?rest_route=%2Fwp%2Fv2%2Fcomments&post=5395"}],"version-history":[{"count":16,"href":"https:\/\/plateforme-fftda.fr\/index.php?rest_route=\/wp\/v2\/pages\/5395\/revisions"}],"predecessor-version":[{"id":6552,"href":"https:\/\/plateforme-fftda.fr\/index.php?rest_route=\/wp\/v2\/pages\/5395\/revisions\/6552"}],"wp:attachment":[{"href":"https:\/\/plateforme-fftda.fr\/index.php?rest_route=%2Fwp%2Fv2%2Fmedia&parent=5395"}],"curies":[{"name":"wp","href":"https:\/\/api.w.org\/{rel}","templated":true}]}}